{"id":2622,"date":"2025-02-21T09:53:28","date_gmt":"2025-02-21T08:53:28","guid":{"rendered":"https:\/\/www.domainedespeyre.com\/nos-villas\/"},"modified":"2025-07-04T11:52:36","modified_gmt":"2025-07-04T09:52:36","slug":"our-properties","status":"publish","type":"page","link":"https:\/\/www.domainedespeyre.com\/en\/our-properties\/","title":{"rendered":"Our properties"},"content":{"rendered":"","protected":false},"excerpt":{"rendered":"","protected":false},"author":2,"featured_media":3381,"parent":0,"menu_order":0,"comment_status":"closed","ping_status":"closed","template":"page-gites.php","meta":{"_acf_changed":false,"footnotes":""},"class_list":["post-2622","page","type-page","status-publish","has-post-thumbnail","hentry"],"acf":[],"yoast_head":"<!-- This site is optimized with the Yoast SEO plugin v27.4 - https:\/\/yoast.com\/product\/yoast-seo-wordpress\/ -->\n<title>Our properties | Domaine des Peyre<\/title>\n<meta name=\"description\" content=\"Au coeur du Luberon, id\u00e9alement situ\u00e9es, nos 2 villas sauront vous s\u00e9duire pour votre s\u00e9jour proven\u00e7al. Accueil chaleureux et personnalis\u00e9 !\" \/>\n<meta name=\"robots\" content=\"index, follow, max-snippet:-1, max-image-preview:large, max-video-preview:-1\" \/>\n<link rel=\"canonical\" href=\"https:\/\/www.domainedespeyre.com\/en\/our-properties\/\" \/>\n<meta property=\"og:locale\" content=\"en_US\" \/>\n<meta property=\"og:type\" content=\"article\" \/>\n<meta property=\"og:title\" content=\"Our properties | Domaine des Peyre\" \/>\n<meta property=\"og:description\" content=\"Au coeur du Luberon, id\u00e9alement situ\u00e9es, nos 2 villas sauront vous s\u00e9duire pour votre s\u00e9jour proven\u00e7al. Accueil chaleureux et personnalis\u00e9 !\" \/>\n<meta property=\"og:url\" content=\"https:\/\/www.domainedespeyre.com\/en\/our-properties\/\" \/>\n<meta property=\"og:site_name\" content=\"Domaine des Peyre\" \/>\n<meta property=\"article:modified_time\" content=\"2025-07-04T09:52:36+00:00\" \/>\n<meta name=\"twitter:card\" content=\"summary_large_image\" \/>\n<script type=\"application\/ld+json\" class=\"yoast-schema-graph\">{\"@context\":\"https:\\\/\\\/schema.org\",\"@graph\":[{\"@type\":\"WebPage\",\"@id\":\"https:\\\/\\\/www.domainedespeyre.com\\\/en\\\/our-properties\\\/\",\"url\":\"https:\\\/\\\/www.domainedespeyre.com\\\/en\\\/our-properties\\\/\",\"name\":\"Our properties | Domaine des Peyre\",\"isPartOf\":{\"@id\":\"https:\\\/\\\/www.domainedespeyre.com\\\/en\\\/#website\"},\"primaryImageOfPage\":{\"@id\":\"https:\\\/\\\/www.domainedespeyre.com\\\/en\\\/our-properties\\\/#primaryimage\"},\"image\":{\"@id\":\"https:\\\/\\\/www.domainedespeyre.com\\\/en\\\/our-properties\\\/#primaryimage\"},\"thumbnailUrl\":\"https:\\\/\\\/i0.wp.com\\\/www.domainedespeyre.com\\\/wp-content\\\/uploads\\\/2025\\\/12\\\/DSC1332-scaled.jpg?fit=2560%2C1707&ssl=1\",\"datePublished\":\"2025-02-21T08:53:28+00:00\",\"dateModified\":\"2025-07-04T09:52:36+00:00\",\"description\":\"Au coeur du Luberon, id\u00e9alement situ\u00e9es, nos 2 villas sauront vous s\u00e9duire pour votre s\u00e9jour proven\u00e7al. Accueil chaleureux et personnalis\u00e9 !\",\"breadcrumb\":{\"@id\":\"https:\\\/\\\/www.domainedespeyre.com\\\/en\\\/our-properties\\\/#breadcrumb\"},\"inLanguage\":\"en-US\",\"potentialAction\":[{\"@type\":\"ReadAction\",\"target\":[\"https:\\\/\\\/www.domainedespeyre.com\\\/en\\\/our-properties\\\/\"]}]},{\"@type\":\"ImageObject\",\"inLanguage\":\"en-US\",\"@id\":\"https:\\\/\\\/www.domainedespeyre.com\\\/en\\\/our-properties\\\/#primaryimage\",\"url\":\"https:\\\/\\\/i0.wp.com\\\/www.domainedespeyre.com\\\/wp-content\\\/uploads\\\/2025\\\/12\\\/DSC1332-scaled.jpg?fit=2560%2C1707&ssl=1\",\"contentUrl\":\"https:\\\/\\\/i0.wp.com\\\/www.domainedespeyre.com\\\/wp-content\\\/uploads\\\/2025\\\/12\\\/DSC1332-scaled.jpg?fit=2560%2C1707&ssl=1\",\"width\":2560,\"height\":1707,\"caption\":\"Toute la lumi\u00e8re de la Provence\"},{\"@type\":\"BreadcrumbList\",\"@id\":\"https:\\\/\\\/www.domainedespeyre.com\\\/en\\\/our-properties\\\/#breadcrumb\",\"itemListElement\":[{\"@type\":\"ListItem\",\"position\":1,\"name\":\"Accueil\",\"item\":\"https:\\\/\\\/www.domainedespeyre.com\\\/en\\\/\"},{\"@type\":\"ListItem\",\"position\":2,\"name\":\"Our properties\"}]},{\"@type\":\"WebSite\",\"@id\":\"https:\\\/\\\/www.domainedespeyre.com\\\/en\\\/#website\",\"url\":\"https:\\\/\\\/www.domainedespeyre.com\\\/en\\\/\",\"name\":\"Domaine des Peyre\",\"description\":\"Wines, charming cottages and receptions in the heart of Provence\",\"potentialAction\":[{\"@type\":\"SearchAction\",\"target\":{\"@type\":\"EntryPoint\",\"urlTemplate\":\"https:\\\/\\\/www.domainedespeyre.com\\\/en\\\/?s={search_term_string}\"},\"query-input\":{\"@type\":\"PropertyValueSpecification\",\"valueRequired\":true,\"valueName\":\"search_term_string\"}}],\"inLanguage\":\"en-US\"}]}<\/script>\n<!-- \/ Yoast SEO plugin. -->","yoast_head_json":{"title":"Our properties | Domaine des Peyre","description":"Au coeur du Luberon, id\u00e9alement situ\u00e9es, nos 2 villas sauront vous s\u00e9duire pour votre s\u00e9jour proven\u00e7al. Accueil chaleureux et personnalis\u00e9 !","robots":{"index":"index","follow":"follow","max-snippet":"max-snippet:-1","max-image-preview":"max-image-preview:large","max-video-preview":"max-video-preview:-1"},"canonical":"https:\/\/www.domainedespeyre.com\/en\/our-properties\/","og_locale":"en_US","og_type":"article","og_title":"Our properties | Domaine des Peyre","og_description":"Au coeur du Luberon, id\u00e9alement situ\u00e9es, nos 2 villas sauront vous s\u00e9duire pour votre s\u00e9jour proven\u00e7al. Accueil chaleureux et personnalis\u00e9 !","og_url":"https:\/\/www.domainedespeyre.com\/en\/our-properties\/","og_site_name":"Domaine des Peyre","article_modified_time":"2025-07-04T09:52:36+00:00","twitter_card":"summary_large_image","schema":{"@context":"https:\/\/schema.org","@graph":[{"@type":"WebPage","@id":"https:\/\/www.domainedespeyre.com\/en\/our-properties\/","url":"https:\/\/www.domainedespeyre.com\/en\/our-properties\/","name":"Our properties | Domaine des Peyre","isPartOf":{"@id":"https:\/\/www.domainedespeyre.com\/en\/#website"},"primaryImageOfPage":{"@id":"https:\/\/www.domainedespeyre.com\/en\/our-properties\/#primaryimage"},"image":{"@id":"https:\/\/www.domainedespeyre.com\/en\/our-properties\/#primaryimage"},"thumbnailUrl":"https:\/\/i0.wp.com\/www.domainedespeyre.com\/wp-content\/uploads\/2025\/12\/DSC1332-scaled.jpg?fit=2560%2C1707&ssl=1","datePublished":"2025-02-21T08:53:28+00:00","dateModified":"2025-07-04T09:52:36+00:00","description":"Au coeur du Luberon, id\u00e9alement situ\u00e9es, nos 2 villas sauront vous s\u00e9duire pour votre s\u00e9jour proven\u00e7al. Accueil chaleureux et personnalis\u00e9 !","breadcrumb":{"@id":"https:\/\/www.domainedespeyre.com\/en\/our-properties\/#breadcrumb"},"inLanguage":"en-US","potentialAction":[{"@type":"ReadAction","target":["https:\/\/www.domainedespeyre.com\/en\/our-properties\/"]}]},{"@type":"ImageObject","inLanguage":"en-US","@id":"https:\/\/www.domainedespeyre.com\/en\/our-properties\/#primaryimage","url":"https:\/\/i0.wp.com\/www.domainedespeyre.com\/wp-content\/uploads\/2025\/12\/DSC1332-scaled.jpg?fit=2560%2C1707&ssl=1","contentUrl":"https:\/\/i0.wp.com\/www.domainedespeyre.com\/wp-content\/uploads\/2025\/12\/DSC1332-scaled.jpg?fit=2560%2C1707&ssl=1","width":2560,"height":1707,"caption":"Toute la lumi\u00e8re de la Provence"},{"@type":"BreadcrumbList","@id":"https:\/\/www.domainedespeyre.com\/en\/our-properties\/#breadcrumb","itemListElement":[{"@type":"ListItem","position":1,"name":"Accueil","item":"https:\/\/www.domainedespeyre.com\/en\/"},{"@type":"ListItem","position":2,"name":"Our properties"}]},{"@type":"WebSite","@id":"https:\/\/www.domainedespeyre.com\/en\/#website","url":"https:\/\/www.domainedespeyre.com\/en\/","name":"Domaine des Peyre","description":"Wines, charming cottages and receptions in the heart of Provence","potentialAction":[{"@type":"SearchAction","target":{"@type":"EntryPoint","urlTemplate":"https:\/\/www.domainedespeyre.com\/en\/?s={search_term_string}"},"query-input":{"@type":"PropertyValueSpecification","valueRequired":true,"valueName":"search_term_string"}}],"inLanguage":"en-US"}]}},"jetpack_sharing_enabled":true,"_links":{"self":[{"href":"https:\/\/www.domainedespeyre.com\/en\/wp-json\/wp\/v2\/pages\/2622","targetHints":{"allow":["GET"]}}],"collection":[{"href":"https:\/\/www.domainedespeyre.com\/en\/wp-json\/wp\/v2\/pages"}],"about":[{"href":"https:\/\/www.domainedespeyre.com\/en\/wp-json\/wp\/v2\/types\/page"}],"author":[{"embeddable":true,"href":"https:\/\/www.domainedespeyre.com\/en\/wp-json\/wp\/v2\/users\/2"}],"replies":[{"embeddable":true,"href":"https:\/\/www.domainedespeyre.com\/en\/wp-json\/wp\/v2\/comments?post=2622"}],"version-history":[{"count":5,"href":"https:\/\/www.domainedespeyre.com\/en\/wp-json\/wp\/v2\/pages\/2622\/revisions"}],"predecessor-version":[{"id":2797,"href":"https:\/\/www.domainedespeyre.com\/en\/wp-json\/wp\/v2\/pages\/2622\/revisions\/2797"}],"wp:featuredmedia":[{"embeddable":true,"href":"https:\/\/www.domainedespeyre.com\/en\/wp-json\/wp\/v2\/media\/3381"}],"wp:attachment":[{"href":"https:\/\/www.domainedespeyre.com\/en\/wp-json\/wp\/v2\/media?parent=2622"}],"curies":[{"name":"wp","href":"https:\/\/api.w.org\/{rel}","templated":true}]}}