{"id":2987,"date":"2025-07-18T15:35:17","date_gmt":"2025-07-18T13:35:17","guid":{"rendered":"https:\/\/www.domainedespeyre.com\/produit\/uncategorized\/gala-igp-mediterannee\/"},"modified":"2025-11-18T03:27:57","modified_gmt":"2025-11-18T02:27:57","slug":"gala-igp-mediterranean","status":"publish","type":"product","link":"https:\/\/www.domainedespeyre.com\/en\/produit\/our-wines\/rose-wine\/gala-igp-mediterranean\/","title":{"rendered":"Gala"},"content":{"rendered":"","protected":false},"excerpt":{"rendered":"<p>Gala is a light, fruity and very fresh ros\u00e9 with aromas of peach and English candy. Light and thirst-quenching, it is perfect as an aperitif on sunny days.<\/p>\n","protected":false},"featured_media":2916,"comment_status":"open","ping_status":"closed","template":"","meta":{"_acf_changed":false},"product_brand":[],"product_cat":[46,49],"product_tag":[],"class_list":{"0":"post-2987","1":"product","2":"type-product","3":"status-publish","4":"has-post-thumbnail","6":"product_cat-our-wines","7":"product_cat-rose-wine","9":"first","10":"instock","11":"taxable","12":"shipping-taxable","13":"purchasable","14":"product-type-simple"},"acf":[],"yoast_head":"<!-- This site is optimized with the Yoast SEO plugin v27.4 - https:\/\/yoast.com\/product\/yoast-seo-wordpress\/ -->\n<title>Gala - IGP M\u00e9diterran\u00e9e | Domaine des Peyre<\/title>\n<meta name=\"description\" content=\"Gala, a light and fruity ros\u00e9 with aromas of peach and English candy. Ideal as an aperitif, with a summer meal or for convivial moments on the terrace.\" \/>\n<meta name=\"robots\" content=\"index, follow, max-snippet:-1, max-image-preview:large, max-video-preview:-1\" \/>\n<link rel=\"canonical\" href=\"https:\/\/www.domainedespeyre.com\/en\/produit\/our-wines\/rose-wine\/gala-igp-mediterranean\/\" \/>\n<meta property=\"og:locale\" content=\"en_US\" \/>\n<meta property=\"og:type\" content=\"article\" \/>\n<meta property=\"og:title\" content=\"Gala - IGP M\u00e9diterran\u00e9e | Domaine des Peyre\" \/>\n<meta property=\"og:description\" content=\"Gala, a light and fruity ros\u00e9 with aromas of peach and English candy. Ideal as an aperitif, with a summer meal or for convivial moments on the terrace.\" \/>\n<meta property=\"og:url\" content=\"https:\/\/www.domainedespeyre.com\/en\/produit\/our-wines\/rose-wine\/gala-igp-mediterranean\/\" \/>\n<meta property=\"og:site_name\" content=\"Domaine des Peyre\" \/>\n<meta property=\"article:modified_time\" content=\"2025-11-18T02:27:57+00:00\" \/>\n<meta property=\"og:image\" content=\"https:\/\/www.domainedespeyre.com\/wp-content\/uploads\/2025\/07\/GALA.jpg\" \/>\n\t<meta property=\"og:image:width\" content=\"523\" \/>\n\t<meta property=\"og:image:height\" content=\"2000\" \/>\n\t<meta property=\"og:image:type\" content=\"image\/jpeg\" \/>\n<meta name=\"twitter:card\" content=\"summary_large_image\" \/>\n<meta name=\"twitter:label1\" content=\"Est. reading time\" \/>\n\t<meta name=\"twitter:data1\" content=\"1 minute\" \/>\n<script type=\"application\/ld+json\" class=\"yoast-schema-graph\">{\"@context\":\"https:\\\/\\\/schema.org\",\"@graph\":[{\"@type\":\"WebPage\",\"@id\":\"https:\\\/\\\/www.domainedespeyre.com\\\/en\\\/produit\\\/our-wines\\\/rose-wine\\\/gala-igp-mediterranean\\\/\",\"url\":\"https:\\\/\\\/www.domainedespeyre.com\\\/en\\\/produit\\\/our-wines\\\/rose-wine\\\/gala-igp-mediterranean\\\/\",\"name\":\"Gala - IGP M\u00e9diterran\u00e9e | Domaine des Peyre\",\"isPartOf\":{\"@id\":\"https:\\\/\\\/www.domainedespeyre.com\\\/en\\\/#website\"},\"primaryImageOfPage\":{\"@id\":\"https:\\\/\\\/www.domainedespeyre.com\\\/en\\\/produit\\\/our-wines\\\/rose-wine\\\/gala-igp-mediterranean\\\/#primaryimage\"},\"image\":{\"@id\":\"https:\\\/\\\/www.domainedespeyre.com\\\/en\\\/produit\\\/our-wines\\\/rose-wine\\\/gala-igp-mediterranean\\\/#primaryimage\"},\"thumbnailUrl\":\"https:\\\/\\\/i0.wp.com\\\/www.domainedespeyre.com\\\/wp-content\\\/uploads\\\/2025\\\/07\\\/GALA.jpg?fit=523%2C2000&ssl=1\",\"datePublished\":\"2025-07-18T13:35:17+00:00\",\"dateModified\":\"2025-11-18T02:27:57+00:00\",\"description\":\"Gala, a light and fruity ros\u00e9 with aromas of peach and English candy. Ideal as an aperitif, with a summer meal or for convivial moments on the terrace.\",\"breadcrumb\":{\"@id\":\"https:\\\/\\\/www.domainedespeyre.com\\\/en\\\/produit\\\/our-wines\\\/rose-wine\\\/gala-igp-mediterranean\\\/#breadcrumb\"},\"inLanguage\":\"en-US\",\"potentialAction\":[{\"@type\":\"ReadAction\",\"target\":[\"https:\\\/\\\/www.domainedespeyre.com\\\/en\\\/produit\\\/our-wines\\\/rose-wine\\\/gala-igp-mediterranean\\\/\"]}]},{\"@type\":\"ImageObject\",\"inLanguage\":\"en-US\",\"@id\":\"https:\\\/\\\/www.domainedespeyre.com\\\/en\\\/produit\\\/our-wines\\\/rose-wine\\\/gala-igp-mediterranean\\\/#primaryimage\",\"url\":\"https:\\\/\\\/i0.wp.com\\\/www.domainedespeyre.com\\\/wp-content\\\/uploads\\\/2025\\\/07\\\/GALA.jpg?fit=523%2C2000&ssl=1\",\"contentUrl\":\"https:\\\/\\\/i0.wp.com\\\/www.domainedespeyre.com\\\/wp-content\\\/uploads\\\/2025\\\/07\\\/GALA.jpg?fit=523%2C2000&ssl=1\",\"width\":523,\"height\":2000},{\"@type\":\"BreadcrumbList\",\"@id\":\"https:\\\/\\\/www.domainedespeyre.com\\\/en\\\/produit\\\/our-wines\\\/rose-wine\\\/gala-igp-mediterranean\\\/#breadcrumb\",\"itemListElement\":[{\"@type\":\"ListItem\",\"position\":1,\"name\":\"Accueil\",\"item\":\"https:\\\/\\\/www.domainedespeyre.com\\\/en\\\/\"},{\"@type\":\"ListItem\",\"position\":2,\"name\":\"Shop\",\"item\":\"https:\\\/\\\/www.domainedespeyre.com\\\/en\\\/shop\\\/\"},{\"@type\":\"ListItem\",\"position\":3,\"name\":\"Gala\"}]},{\"@type\":\"WebSite\",\"@id\":\"https:\\\/\\\/www.domainedespeyre.com\\\/en\\\/#website\",\"url\":\"https:\\\/\\\/www.domainedespeyre.com\\\/en\\\/\",\"name\":\"Domaine des Peyre\",\"description\":\"Wines, charming cottages and receptions in the heart of Provence\",\"potentialAction\":[{\"@type\":\"SearchAction\",\"target\":{\"@type\":\"EntryPoint\",\"urlTemplate\":\"https:\\\/\\\/www.domainedespeyre.com\\\/en\\\/?s={search_term_string}\"},\"query-input\":{\"@type\":\"PropertyValueSpecification\",\"valueRequired\":true,\"valueName\":\"search_term_string\"}}],\"inLanguage\":\"en-US\"}]}<\/script>\n<!-- \/ Yoast SEO plugin. -->","yoast_head_json":{"title":"Gala - IGP M\u00e9diterran\u00e9e | Domaine des Peyre","description":"Gala, a light and fruity ros\u00e9 with aromas of peach and English candy. Ideal as an aperitif, with a summer meal or for convivial moments on the terrace.","robots":{"index":"index","follow":"follow","max-snippet":"max-snippet:-1","max-image-preview":"max-image-preview:large","max-video-preview":"max-video-preview:-1"},"canonical":"https:\/\/www.domainedespeyre.com\/en\/produit\/our-wines\/rose-wine\/gala-igp-mediterranean\/","og_locale":"en_US","og_type":"article","og_title":"Gala - IGP M\u00e9diterran\u00e9e | Domaine des Peyre","og_description":"Gala, a light and fruity ros\u00e9 with aromas of peach and English candy. Ideal as an aperitif, with a summer meal or for convivial moments on the terrace.","og_url":"https:\/\/www.domainedespeyre.com\/en\/produit\/our-wines\/rose-wine\/gala-igp-mediterranean\/","og_site_name":"Domaine des Peyre","article_modified_time":"2025-11-18T02:27:57+00:00","og_image":[{"width":523,"height":2000,"url":"https:\/\/www.domainedespeyre.com\/wp-content\/uploads\/2025\/07\/GALA.jpg","type":"image\/jpeg"}],"twitter_card":"summary_large_image","twitter_misc":{"Est. reading time":"1 minute"},"schema":{"@context":"https:\/\/schema.org","@graph":[{"@type":"WebPage","@id":"https:\/\/www.domainedespeyre.com\/en\/produit\/our-wines\/rose-wine\/gala-igp-mediterranean\/","url":"https:\/\/www.domainedespeyre.com\/en\/produit\/our-wines\/rose-wine\/gala-igp-mediterranean\/","name":"Gala - IGP M\u00e9diterran\u00e9e | Domaine des Peyre","isPartOf":{"@id":"https:\/\/www.domainedespeyre.com\/en\/#website"},"primaryImageOfPage":{"@id":"https:\/\/www.domainedespeyre.com\/en\/produit\/our-wines\/rose-wine\/gala-igp-mediterranean\/#primaryimage"},"image":{"@id":"https:\/\/www.domainedespeyre.com\/en\/produit\/our-wines\/rose-wine\/gala-igp-mediterranean\/#primaryimage"},"thumbnailUrl":"https:\/\/i0.wp.com\/www.domainedespeyre.com\/wp-content\/uploads\/2025\/07\/GALA.jpg?fit=523%2C2000&ssl=1","datePublished":"2025-07-18T13:35:17+00:00","dateModified":"2025-11-18T02:27:57+00:00","description":"Gala, a light and fruity ros\u00e9 with aromas of peach and English candy. Ideal as an aperitif, with a summer meal or for convivial moments on the terrace.","breadcrumb":{"@id":"https:\/\/www.domainedespeyre.com\/en\/produit\/our-wines\/rose-wine\/gala-igp-mediterranean\/#breadcrumb"},"inLanguage":"en-US","potentialAction":[{"@type":"ReadAction","target":["https:\/\/www.domainedespeyre.com\/en\/produit\/our-wines\/rose-wine\/gala-igp-mediterranean\/"]}]},{"@type":"ImageObject","inLanguage":"en-US","@id":"https:\/\/www.domainedespeyre.com\/en\/produit\/our-wines\/rose-wine\/gala-igp-mediterranean\/#primaryimage","url":"https:\/\/i0.wp.com\/www.domainedespeyre.com\/wp-content\/uploads\/2025\/07\/GALA.jpg?fit=523%2C2000&ssl=1","contentUrl":"https:\/\/i0.wp.com\/www.domainedespeyre.com\/wp-content\/uploads\/2025\/07\/GALA.jpg?fit=523%2C2000&ssl=1","width":523,"height":2000},{"@type":"BreadcrumbList","@id":"https:\/\/www.domainedespeyre.com\/en\/produit\/our-wines\/rose-wine\/gala-igp-mediterranean\/#breadcrumb","itemListElement":[{"@type":"ListItem","position":1,"name":"Accueil","item":"https:\/\/www.domainedespeyre.com\/en\/"},{"@type":"ListItem","position":2,"name":"Shop","item":"https:\/\/www.domainedespeyre.com\/en\/shop\/"},{"@type":"ListItem","position":3,"name":"Gala"}]},{"@type":"WebSite","@id":"https:\/\/www.domainedespeyre.com\/en\/#website","url":"https:\/\/www.domainedespeyre.com\/en\/","name":"Domaine des Peyre","description":"Wines, charming cottages and receptions in the heart of Provence","potentialAction":[{"@type":"SearchAction","target":{"@type":"EntryPoint","urlTemplate":"https:\/\/www.domainedespeyre.com\/en\/?s={search_term_string}"},"query-input":{"@type":"PropertyValueSpecification","valueRequired":true,"valueName":"search_term_string"}}],"inLanguage":"en-US"}]}},"jetpack_sharing_enabled":true,"_links":{"self":[{"href":"https:\/\/www.domainedespeyre.com\/en\/wp-json\/wp\/v2\/product\/2987","targetHints":{"allow":["GET"]}}],"collection":[{"href":"https:\/\/www.domainedespeyre.com\/en\/wp-json\/wp\/v2\/product"}],"about":[{"href":"https:\/\/www.domainedespeyre.com\/en\/wp-json\/wp\/v2\/types\/product"}],"replies":[{"embeddable":true,"href":"https:\/\/www.domainedespeyre.com\/en\/wp-json\/wp\/v2\/comments?post=2987"}],"wp:featuredmedia":[{"embeddable":true,"href":"https:\/\/www.domainedespeyre.com\/en\/wp-json\/wp\/v2\/media\/2916"}],"wp:attachment":[{"href":"https:\/\/www.domainedespeyre.com\/en\/wp-json\/wp\/v2\/media?parent=2987"}],"wp:term":[{"taxonomy":"product_brand","embeddable":true,"href":"https:\/\/www.domainedespeyre.com\/en\/wp-json\/wp\/v2\/product_brand?post=2987"},{"taxonomy":"product_cat","embeddable":true,"href":"https:\/\/www.domainedespeyre.com\/en\/wp-json\/wp\/v2\/product_cat?post=2987"},{"taxonomy":"product_tag","embeddable":true,"href":"https:\/\/www.domainedespeyre.com\/en\/wp-json\/wp\/v2\/product_tag?post=2987"}],"curies":[{"name":"wp","href":"https:\/\/api.w.org\/{rel}","templated":true}]}}